{"id":4,"date":"2025-06-06T19:25:34","date_gmt":"2025-06-06T19:25:34","guid":{"rendered":"https:\/\/www.audox.com\/ethical-hacking\/contact\/"},"modified":"2025-11-05T22:21:57","modified_gmt":"2025-11-05T22:21:57","slug":"contact","status":"publish","type":"page","link":"https:\/\/www.audox.com\/ethical-hacking\/contact\/","title":{"rendered":"Contact"},"content":{"rendered":"<h2>Ethical Hacking Experts<\/h2>\n<p>Av. P.\u00ba de la Reforma 342, Ju\u00e1rez, Cuauht\u00e9moc, 06600 Ciudad de M\u00e9xico, CDMX, Mexico<br \/><a href=\"mailto:info@audox.com\">info@audox.com<\/a><br \/><a href=\"tel:+52 55 5351 1484\">+52 55 5351 1484<\/a><\/p>\n<p><a href=\"tel:+52 55 5351 1484\"><img decoding=\"async\" loading=\"lazy\" src=\"https:\/\/www.audox.cl\/wp-content\/uploads\/2025\/09\/boton-llamanos.png\" alt=\"Ll\u00e1manos\"><\/a><\/p>\n<p><a href=\"https:\/\/www.audox.cl\">Audox Chile<\/a> &#8211; <a href=\"https:\/\/www.audox.mx\">Audox M\u00e9xico<\/a> &#8211; <a href=\"https:\/\/www.audox.es\">Audox Espa\u00f1a<\/a><\/p>\n<p><a href=\"https:\/\/github.com\/audoxcl\">GitHub<\/a><br \/><a href=\"https:\/\/www.youtube.com\/@audox.com_es\">YouTube Spanish<\/a><br \/><a href=\"https:\/\/www.youtube.com\/@audox.com_en\">YouTube English<\/a><\/p>\n","protected":false},"excerpt":{"rendered":"<p>Ethical Hacking Experts Av. P.\u00ba de la Reforma 342, Ju\u00e1rez, Cuauht\u00e9moc, 06600 Ciudad de M\u00e9xico, CDMX, Mexicoinfo@audox.com+52 55 5351 1484 Audox Chile &#8211; Audox M\u00e9xico &#8211; Audox Espa\u00f1a GitHubYouTube SpanishYouTube English<\/p>\n","protected":false},"author":1,"featured_media":0,"parent":0,"menu_order":6,"comment_status":"closed","ping_status":"closed","template":"","meta":{"om_disable_all_campaigns":false,"_monsterinsights_skip_tracking":false,"_monsterinsights_sitenote_active":false,"_monsterinsights_sitenote_note":"","_monsterinsights_sitenote_category":0,"footnotes":""},"class_list":["post-4","page","type-page","status-publish","hentry"],"yoast_head":"<!-- This site is optimized with the Yoast SEO plugin v27.3 - https:\/\/yoast.com\/product\/yoast-seo-wordpress\/ -->\n<title>Contact - Ethical Hacking Experts<\/title>\n<meta name=\"description\" content=\"Implementation, Training and Specialized Support for Ethical Hacking. Empower Ethical Hacking with our Experts. Call us!\" \/>\n<meta name=\"robots\" content=\"index, follow, max-snippet:-1, max-image-preview:large, max-video-preview:-1\" \/>\n<link rel=\"canonical\" href=\"https:\/\/www.audox.com\/ethical-hacking\/contact\/\" \/>\n<meta property=\"og:locale\" content=\"en_US\" \/>\n<meta property=\"og:type\" content=\"article\" \/>\n<meta property=\"og:title\" content=\"Contact - Ethical Hacking Experts\" \/>\n<meta property=\"og:description\" content=\"Implementation, Training and Specialized Support for Ethical Hacking. Empower Ethical Hacking with our Experts. Call us!\" \/>\n<meta property=\"og:url\" content=\"https:\/\/www.audox.com\/ethical-hacking\/contact\/\" \/>\n<meta property=\"og:site_name\" content=\"Ethical Hacking Experts\" \/>\n<meta property=\"article:modified_time\" content=\"2025-11-05T22:21:57+00:00\" \/>\n<meta property=\"og:image\" content=\"https:\/\/www.audox.cl\/wp-content\/uploads\/2025\/09\/boton-llamanos.png\" \/>\n<meta name=\"twitter:card\" content=\"summary_large_image\" \/>\n<script type=\"application\/ld+json\" class=\"yoast-schema-graph\">{\"@context\":\"https:\\\/\\\/schema.org\",\"@graph\":[{\"@type\":\"WebPage\",\"@id\":\"https:\\\/\\\/www.audox.com\\\/ethical-hacking\\\/contact\\\/\",\"url\":\"https:\\\/\\\/www.audox.com\\\/ethical-hacking\\\/contact\\\/\",\"name\":\"Contact - Ethical Hacking Experts\",\"isPartOf\":{\"@id\":\"https:\\\/\\\/www.audox.com\\\/ethical-hacking\\\/#website\"},\"primaryImageOfPage\":{\"@id\":\"https:\\\/\\\/www.audox.com\\\/ethical-hacking\\\/contact\\\/#primaryimage\"},\"image\":{\"@id\":\"https:\\\/\\\/www.audox.com\\\/ethical-hacking\\\/contact\\\/#primaryimage\"},\"thumbnailUrl\":\"https:\\\/\\\/www.audox.cl\\\/wp-content\\\/uploads\\\/2025\\\/09\\\/boton-llamanos.png\",\"datePublished\":\"2025-06-06T19:25:34+00:00\",\"dateModified\":\"2025-11-05T22:21:57+00:00\",\"description\":\"Implementation, Training and Specialized Support for Ethical Hacking. Empower Ethical Hacking with our Experts. Call us!\",\"breadcrumb\":{\"@id\":\"https:\\\/\\\/www.audox.com\\\/ethical-hacking\\\/contact\\\/#breadcrumb\"},\"inLanguage\":\"en-US\",\"potentialAction\":[{\"@type\":\"ReadAction\",\"target\":[\"https:\\\/\\\/www.audox.com\\\/ethical-hacking\\\/contact\\\/\"]}]},{\"@type\":\"ImageObject\",\"inLanguage\":\"en-US\",\"@id\":\"https:\\\/\\\/www.audox.com\\\/ethical-hacking\\\/contact\\\/#primaryimage\",\"url\":\"https:\\\/\\\/www.audox.cl\\\/wp-content\\\/uploads\\\/2025\\\/09\\\/boton-llamanos.png\",\"contentUrl\":\"https:\\\/\\\/www.audox.cl\\\/wp-content\\\/uploads\\\/2025\\\/09\\\/boton-llamanos.png\"},{\"@type\":\"BreadcrumbList\",\"@id\":\"https:\\\/\\\/www.audox.com\\\/ethical-hacking\\\/contact\\\/#breadcrumb\",\"itemListElement\":[{\"@type\":\"ListItem\",\"position\":1,\"name\":\"Home\",\"item\":\"https:\\\/\\\/www.audox.com\\\/ethical-hacking\\\/home\\\/\"},{\"@type\":\"ListItem\",\"position\":2,\"name\":\"Contact\"}]},{\"@type\":\"WebSite\",\"@id\":\"https:\\\/\\\/www.audox.com\\\/ethical-hacking\\\/#website\",\"url\":\"https:\\\/\\\/www.audox.com\\\/ethical-hacking\\\/\",\"name\":\"Ethical Hacking Experts\",\"description\":\"\",\"potentialAction\":[{\"@type\":\"SearchAction\",\"target\":{\"@type\":\"EntryPoint\",\"urlTemplate\":\"https:\\\/\\\/www.audox.com\\\/ethical-hacking\\\/?s={search_term_string}\"},\"query-input\":{\"@type\":\"PropertyValueSpecification\",\"valueRequired\":true,\"valueName\":\"search_term_string\"}}],\"inLanguage\":\"en-US\"}]}<\/script>\n<!-- \/ Yoast SEO plugin. -->","yoast_head_json":{"title":"Contact - Ethical Hacking Experts","description":"Implementation, Training and Specialized Support for Ethical Hacking. Empower Ethical Hacking with our Experts. Call us!","robots":{"index":"index","follow":"follow","max-snippet":"max-snippet:-1","max-image-preview":"max-image-preview:large","max-video-preview":"max-video-preview:-1"},"canonical":"https:\/\/www.audox.com\/ethical-hacking\/contact\/","og_locale":"en_US","og_type":"article","og_title":"Contact - Ethical Hacking Experts","og_description":"Implementation, Training and Specialized Support for Ethical Hacking. Empower Ethical Hacking with our Experts. Call us!","og_url":"https:\/\/www.audox.com\/ethical-hacking\/contact\/","og_site_name":"Ethical Hacking Experts","article_modified_time":"2025-11-05T22:21:57+00:00","og_image":[{"url":"https:\/\/www.audox.cl\/wp-content\/uploads\/2025\/09\/boton-llamanos.png","type":"","width":"","height":""}],"twitter_card":"summary_large_image","schema":{"@context":"https:\/\/schema.org","@graph":[{"@type":"WebPage","@id":"https:\/\/www.audox.com\/ethical-hacking\/contact\/","url":"https:\/\/www.audox.com\/ethical-hacking\/contact\/","name":"Contact - Ethical Hacking Experts","isPartOf":{"@id":"https:\/\/www.audox.com\/ethical-hacking\/#website"},"primaryImageOfPage":{"@id":"https:\/\/www.audox.com\/ethical-hacking\/contact\/#primaryimage"},"image":{"@id":"https:\/\/www.audox.com\/ethical-hacking\/contact\/#primaryimage"},"thumbnailUrl":"https:\/\/www.audox.cl\/wp-content\/uploads\/2025\/09\/boton-llamanos.png","datePublished":"2025-06-06T19:25:34+00:00","dateModified":"2025-11-05T22:21:57+00:00","description":"Implementation, Training and Specialized Support for Ethical Hacking. Empower Ethical Hacking with our Experts. Call us!","breadcrumb":{"@id":"https:\/\/www.audox.com\/ethical-hacking\/contact\/#breadcrumb"},"inLanguage":"en-US","potentialAction":[{"@type":"ReadAction","target":["https:\/\/www.audox.com\/ethical-hacking\/contact\/"]}]},{"@type":"ImageObject","inLanguage":"en-US","@id":"https:\/\/www.audox.com\/ethical-hacking\/contact\/#primaryimage","url":"https:\/\/www.audox.cl\/wp-content\/uploads\/2025\/09\/boton-llamanos.png","contentUrl":"https:\/\/www.audox.cl\/wp-content\/uploads\/2025\/09\/boton-llamanos.png"},{"@type":"BreadcrumbList","@id":"https:\/\/www.audox.com\/ethical-hacking\/contact\/#breadcrumb","itemListElement":[{"@type":"ListItem","position":1,"name":"Home","item":"https:\/\/www.audox.com\/ethical-hacking\/home\/"},{"@type":"ListItem","position":2,"name":"Contact"}]},{"@type":"WebSite","@id":"https:\/\/www.audox.com\/ethical-hacking\/#website","url":"https:\/\/www.audox.com\/ethical-hacking\/","name":"Ethical Hacking Experts","description":"","potentialAction":[{"@type":"SearchAction","target":{"@type":"EntryPoint","urlTemplate":"https:\/\/www.audox.com\/ethical-hacking\/?s={search_term_string}"},"query-input":{"@type":"PropertyValueSpecification","valueRequired":true,"valueName":"search_term_string"}}],"inLanguage":"en-US"}]}},"_links":{"self":[{"href":"https:\/\/www.audox.com\/ethical-hacking\/wp-json\/wp\/v2\/pages\/4","targetHints":{"allow":["GET"]}}],"collection":[{"href":"https:\/\/www.audox.com\/ethical-hacking\/wp-json\/wp\/v2\/pages"}],"about":[{"href":"https:\/\/www.audox.com\/ethical-hacking\/wp-json\/wp\/v2\/types\/page"}],"author":[{"embeddable":true,"href":"https:\/\/www.audox.com\/ethical-hacking\/wp-json\/wp\/v2\/users\/1"}],"replies":[{"embeddable":true,"href":"https:\/\/www.audox.com\/ethical-hacking\/wp-json\/wp\/v2\/comments?post=4"}],"version-history":[{"count":3,"href":"https:\/\/www.audox.com\/ethical-hacking\/wp-json\/wp\/v2\/pages\/4\/revisions"}],"predecessor-version":[{"id":7,"href":"https:\/\/www.audox.com\/ethical-hacking\/wp-json\/wp\/v2\/pages\/4\/revisions\/7"}],"wp:attachment":[{"href":"https:\/\/www.audox.com\/ethical-hacking\/wp-json\/wp\/v2\/media?parent=4"}],"curies":[{"name":"wp","href":"https:\/\/api.w.org\/{rel}","templated":true}]}}